{"id":7368,"date":"2023-12-14T00:30:53","date_gmt":"2023-12-14T00:30:53","guid":{"rendered":"http:\/\/wecoo.app\/aviso-legal\/"},"modified":"2023-12-14T00:30:53","modified_gmt":"2023-12-14T00:30:53","slug":"aviso-legal","status":"publish","type":"page","link":"https:\/\/wecoo.app\/es\/aviso-legal\/","title":{"rendered":"Aviso legal"},"content":{"rendered":"\t\t<div data-elementor-type=\"wp-page\" data-elementor-id=\"7368\" class=\"elementor elementor-7368 elementor-7359\" data-elementor-post-type=\"page\">\n\t\t\t\t\t\t<section class=\"elementor-section elementor-top-section elementor-element elementor-element-4d0eee4 elementor-section-full_width elementor-section-stretched elementor-section-height-default elementor-section-height-default\" data-id=\"4d0eee4\" data-element_type=\"section\" data-settings=\"{&quot;stretch_section&quot;:&quot;section-stretched&quot;,&quot;background_background&quot;:&quot;classic&quot;}\">\n\t\t\t\t\t\t<div class=\"elementor-container elementor-column-gap-default\">\n\t\t\t\t\t<div class=\"elementor-column elementor-col-100 elementor-top-column elementor-element elementor-element-ebe38e6\" data-id=\"ebe38e6\" data-element_type=\"column\">\n\t\t\t<div class=\"elementor-widget-wrap elementor-element-populated\">\n\t\t\t\t\t\t<div class=\"elementor-element elementor-element-29f4cd1 elementor-widget elementor-widget-heading\" data-id=\"29f4cd1\" data-element_type=\"widget\" data-widget_type=\"heading.default\">\n\t\t\t\t<div class=\"elementor-widget-container\">\n\t\t\t<style>\/*! elementor - v3.20.0 - 13-03-2024 *\/\n.elementor-heading-title{padding:0;margin:0;line-height:1}.elementor-widget-heading .elementor-heading-title[class*=elementor-size-]>a{color:inherit;font-size:inherit;line-height:inherit}.elementor-widget-heading .elementor-heading-title.elementor-size-small{font-size:15px}.elementor-widget-heading .elementor-heading-title.elementor-size-medium{font-size:19px}.elementor-widget-heading .elementor-heading-title.elementor-size-large{font-size:29px}.elementor-widget-heading .elementor-heading-title.elementor-size-xl{font-size:39px}.elementor-widget-heading .elementor-heading-title.elementor-size-xxl{font-size:59px}<\/style><h2 class=\"elementor-heading-title elementor-size-default\">Aviso legal<\/h2>\t\t<\/div>\n\t\t\t\t<\/div>\n\t\t\t\t<div class=\"elementor-element elementor-element-20f3739 elementor-widget elementor-widget-text-editor\" data-id=\"20f3739\" data-element_type=\"widget\" data-widget_type=\"text-editor.default\">\n\t\t\t\t<div class=\"elementor-widget-container\">\n\t\t\t<style>\/*! elementor - v3.20.0 - 13-03-2024 *\/\n.elementor-widget-text-editor.elementor-drop-cap-view-stacked .elementor-drop-cap{background-color:#69727d;color:#fff}.elementor-widget-text-editor.elementor-drop-cap-view-framed .elementor-drop-cap{color:#69727d;border:3px solid;background-color:transparent}.elementor-widget-text-editor:not(.elementor-drop-cap-view-default) .elementor-drop-cap{margin-top:8px}.elementor-widget-text-editor:not(.elementor-drop-cap-view-default) .elementor-drop-cap-letter{width:1em;height:1em}.elementor-widget-text-editor .elementor-drop-cap{float:left;text-align:center;line-height:1;font-size:50px}.elementor-widget-text-editor .elementor-drop-cap-letter{display:inline-block}<\/style>\t\t\t\t<div class=\"flex-1 overflow-hidden\"><div class=\"react-scroll-to-bottom--css-fylgz-79elbk h-full\"><div class=\"react-scroll-to-bottom--css-fylgz-1n7m0yu\"><div class=\"flex flex-col pb-9 text-sm\"><div class=\"w-full text-token-text-primary\" data-testid=\"conversation-turn-7\"><div class=\"px-4 py-2 justify-center text-base md:gap-6 m-auto\"><div class=\"flex flex-1 text-base mx-auto gap-3 md:px-5 lg:px-1 xl:px-5 md:max-w-3xl lg:max-w-[40rem] xl:max-w-[48rem] group final-completion\"><div class=\"relative flex w-full flex-col lg:w-[calc(100%-115px)] agent-turn\"><div class=\"flex-col gap-1 md:gap-3\"><div class=\"flex flex-grow flex-col max-w-full\"><div class=\"min-h-[20px] text-message flex flex-col items-start gap-3 whitespace-pre-wrap break-words [.text-message+&amp;]:mt-5 overflow-x-auto\" data-message-author-role=\"assistant\" data-message-id=\"25c09f51-acc9-46f0-afd8-6384bd637f9d\"><div class=\"markdown prose w-full break-words dark:prose-invert dark\"><p>El sitio web y los dominios wecoo.app corresponden a Codigital 360 Solutions SL (en adelante CODIGITAL 360 SOLUTIONS), con CIF B10773273 y domicilio en C\/Migdia 32-34 2n2a Girona 17002 , direcci\u00f3n electr\u00f3nica <a href=\"mailto: info@codigitalab.com\">info@codigitalab.com<\/a>, inscrita en el Registro Mercantil de Girona.<\/p><p><strong>1. Propiedad Intelectual e Industrial<\/strong><\/p><p>Los derechos sobre los contenidos de este sitio, incluyendo textos, im\u00e1genes, dise\u00f1os gr\u00e1ficos, marcas y otros signos distintivos (en adelante los contenidos), pertenecen a CODIGITAL 360 SOLUTIONS o a terceros que han autorizado su uso. CODIGITAL 360 SOLUTIONS presenta estos contenidos para informarle de sus servicios y actividades. CODIGITAL 360 SOLUTIONS autoriza la utilizaci\u00f3n de los contenidos para usos no comerciales siempre y cuando se indique de forma clara la fuente. Si los contenidos se utilizan en entornos web, habr\u00e1 que incluir un enlace a wecoo.app.\u00a0CODIGITAL 360 SOLUTIONS se reserva el derecho a iniciar las oportunas acciones legales en defensa de sus derechos de propiedad intelectual o industrial.<\/p><p>No se autorizan presentaciones de los contenidos de este sitio en una ventana ajena a wecoo.app<\/p><p><strong>2. Responsabilidad sobre los Contenidos<\/strong><\/p><p>Aunque CODIGITAL 360 SOLUTIONS act\u00faa con el m\u00e1ximo de diligencia posible, puede darse el caso de que alg\u00fan dato o informaci\u00f3n no est\u00e9 del todo actualizado en el momento que el usuario del sitio web lo consulte. Por ello, manifiesta que las referencias de las creaciones, productos y servicios que se presentan en su sitio web tienen una funci\u00f3n orientativa y no obligan a CODIGITAL 360 SOLUTIONS hasta la contrataci\u00f3n expresa de un pedido.<\/p><p>CODIGITAL 360 SOLUTIONS se reserva el derecho a modificar unilateralmente, en cualquier momento y sin previo aviso, la presentaci\u00f3n, configuraci\u00f3n y contenidos de la web.<\/p><p>CODIGITAL 360 SOLUTIONS no ser\u00e1 responsable de la informaci\u00f3n que pueda obtenerse a trav\u00e9s de enlaces incluidos en el sitio.<\/p><p><strong>3. Condiciones de Uso<\/strong><\/p><p>El uso de este sitio web implica la aceptaci\u00f3n plena de los t\u00e9rminos y condiciones del presente aviso legal. Los posibles conflictos relativos a este sitio web se regir\u00e1n exclusivamente por el derecho del Estado espa\u00f1ol. Toda persona usuaria de la web, independientemente de la jurisdicci\u00f3n territorial desde la que se produzca su acceso, acepta el cumplimiento y respeto de estas cl\u00e1usulas con renuncia expresa a cualquier otro fuero que pudiera corresponderle<\/p><\/div><\/div><\/div><\/div><\/div><\/div><\/div><\/div><\/div><\/div><\/div><\/div>\t\t\t\t\t\t<\/div>\n\t\t\t\t<\/div>\n\t\t\t\t\t<\/div>\n\t\t<\/div>\n\t\t\t\t\t<\/div>\n\t\t<\/section>\n\t\t\t\t<\/div>\n\t\t","protected":false},"excerpt":{"rendered":"<p>Aviso legal El sitio web y los dominios wecoo.app corresponden a Codigital 360 Solutions SL (en adelante CODIGITAL 360 SOLUTIONS), con CIF B10773273 y domicilio en C\/Migdia 32-34 2n2a Girona 17002 , direcci\u00f3n electr\u00f3nica info@codigitalab.com, inscrita en el Registro Mercantil de Girona. 1. Propiedad Intelectual e Industrial Los derechos sobre los contenidos de este sitio, [&hellip;]<\/p>\n","protected":false},"author":2,"featured_media":0,"parent":0,"menu_order":0,"comment_status":"closed","ping_status":"closed","template":"","meta":{"inline_featured_image":false,"footnotes":""},"class_list":["post-7368","page","type-page","status-publish","hentry"],"_links":{"self":[{"href":"https:\/\/wecoo.app\/es\/wp-json\/wp\/v2\/pages\/7368","targetHints":{"allow":["GET"]}}],"collection":[{"href":"https:\/\/wecoo.app\/es\/wp-json\/wp\/v2\/pages"}],"about":[{"href":"https:\/\/wecoo.app\/es\/wp-json\/wp\/v2\/types\/page"}],"author":[{"embeddable":true,"href":"https:\/\/wecoo.app\/es\/wp-json\/wp\/v2\/users\/2"}],"replies":[{"embeddable":true,"href":"https:\/\/wecoo.app\/es\/wp-json\/wp\/v2\/comments?post=7368"}],"version-history":[{"count":0,"href":"https:\/\/wecoo.app\/es\/wp-json\/wp\/v2\/pages\/7368\/revisions"}],"wp:attachment":[{"href":"https:\/\/wecoo.app\/es\/wp-json\/wp\/v2\/media?parent=7368"}],"curies":[{"name":"wp","href":"https:\/\/api.w.org\/{rel}","templated":true}]}}